{"id":2,"date":"2025-12-31T12:11:23","date_gmt":"2025-12-31T10:11:23","guid":{"rendered":"https:\/\/www.rockportrait.photography\/?page_id=2"},"modified":"2026-03-14T00:13:28","modified_gmt":"2026-03-13T22:13:28","slug":"esimerkkisivu","status":"publish","type":"page","link":"https:\/\/www.rockportrait.photography\/","title":{"rendered":"Haluatko kuvan, joka todella erottuu?"},"content":{"rendered":"\n<p><\/p>\n\n\n\n<figure class=\"wp-block-image aligncenter size-full is-resized\"><img loading=\"lazy\" decoding=\"async\" width=\"666\" height=\"666\" src=\"https:\/\/www.rockportrait.photography\/wp-content\/uploads\/2026\/03\/logoalt.jpg\" alt=\"\" class=\"wp-image-191\" style=\"object-fit:cover;width:200px;height:200px\" srcset=\"https:\/\/www.rockportrait.photography\/wp-content\/uploads\/2026\/03\/logoalt.jpg 666w, https:\/\/www.rockportrait.photography\/wp-content\/uploads\/2026\/03\/logoalt-300x300.jpg 300w, https:\/\/www.rockportrait.photography\/wp-content\/uploads\/2026\/03\/logoalt-150x150.jpg 150w\" sizes=\"auto, (max-width: 666px) 100vw, 666px\" \/><\/figure>\n\n\n\n<p>Olipa kyseess\u00e4 tyylik\u00e4s henkil\u00f6kuva, keikkatunnelma, intohimosi tai harrastuksesi, kuvaan tilanteet n\u00e4kemyksell\u00e4 ja visiolla. Oikeanlainen s\u00e4rm\u00e4 ja persoonallinen twist her\u00e4tt\u00e4v\u00e4t kuvat eloon ja v\u00e4litt\u00e4v\u00e4t niiden uniikin tunnelman!<\/p>\n\n\n\n<div style=\"height:11px\" aria-hidden=\"true\" class=\"wp-block-spacer\"><\/div>\n\n\n\n<p>Nappaa mut:<\/p>\n\n\n\n<ul class=\"wp-block-list\">\n<li>klubikeikoille<\/li>\n\n\n\n<li>boudoir-kuvauksiin<\/li>\n\n\n\n<li>harrastuskuvauksiin<\/li>\n<\/ul>\n\n\n\n<div style=\"height:13px\" aria-hidden=\"true\" class=\"wp-block-spacer\"><\/div>\n\n\n\n<p>Teen kuvauksia p\u00e4\u00e4s\u00e4\u00e4nt\u00f6isesti TFCD-periaatteella ja liikun usein Helsinki-Tampere-Turku -alueella.<\/p>\n\n\n\n<p>Ota yhteytt\u00e4 ja mietit\u00e4\u00e4n alustavat yksityiskohdat. Pyrin vastaamaan 24h kuluessa.<\/p>\n\n\n\n<div style=\"height:11px\" aria-hidden=\"true\" class=\"wp-block-spacer\"><\/div>\n\n\n\n<p>Yhteystiedot:<\/p>\n\n\n\n<figure class=\"wp-block-image size-full is-resized\"><img loading=\"lazy\" decoding=\"async\" width=\"333\" height=\"31\" src=\"https:\/\/www.rockportrait.photography\/wp-content\/uploads\/2025\/12\/Screenshot-2025-12-31-at-12.18.41.png\" alt=\"\" class=\"wp-image-15\" style=\"width:263px;height:auto\" srcset=\"https:\/\/www.rockportrait.photography\/wp-content\/uploads\/2025\/12\/Screenshot-2025-12-31-at-12.18.41.png 333w, https:\/\/www.rockportrait.photography\/wp-content\/uploads\/2025\/12\/Screenshot-2025-12-31-at-12.18.41-300x28.png 300w\" sizes=\"auto, (max-width: 333px) 100vw, 333px\" \/><\/figure>\n\n\n\n<div class=\"wp-block-group has-global-padding is-content-justification-left is-layout-constrained wp-container-core-group-is-layout-12dd3699 wp-block-group-is-layout-constrained\"><nav class=\"is-responsive items-justified-left wp-block-navigation is-content-justification-left is-layout-flex wp-container-core-navigation-is-layout-fc4fd283 wp-block-navigation-is-layout-flex\" aria-label=\"Navigaatio\" \n\t\t data-wp-interactive=\"core\/navigation\" data-wp-context='{\"overlayOpenedBy\":{\"click\":false,\"hover\":false,\"focus\":false},\"type\":\"overlay\",\"roleAttribute\":\"\",\"ariaLabel\":\"Valikko\"}'><button aria-haspopup=\"dialog\" aria-label=\"Avaa valikko\" class=\"wp-block-navigation__responsive-container-open\" \n\t\t\t\tdata-wp-on--click=\"actions.openMenuOnClick\"\n\t\t\t\tdata-wp-on--keydown=\"actions.handleMenuKeydown\"\n\t\t\t><svg width=\"24\" height=\"24\" xmlns=\"http:\/\/www.w3.org\/2000\/svg\" viewBox=\"0 0 24 24\" aria-hidden=\"true\" focusable=\"false\"><path d=\"M4 7.5h16v1.5H4z\"><\/path><path d=\"M4 15h16v1.5H4z\"><\/path><\/svg><\/button>\n\t\t\t\t<div class=\"wp-block-navigation__responsive-container\"  id=\"modal-1\" \n\t\t\t\tdata-wp-class--has-modal-open=\"state.isMenuOpen\"\n\t\t\t\tdata-wp-class--is-menu-open=\"state.isMenuOpen\"\n\t\t\t\tdata-wp-watch=\"callbacks.initMenu\"\n\t\t\t\tdata-wp-on--keydown=\"actions.handleMenuKeydown\"\n\t\t\t\tdata-wp-on--focusout=\"actions.handleMenuFocusout\"\n\t\t\t\ttabindex=\"-1\"\n\t\t\t>\n\t\t\t\t\t<div class=\"wp-block-navigation__responsive-close\" tabindex=\"-1\">\n\t\t\t\t\t\t<div class=\"wp-block-navigation__responsive-dialog\" \n\t\t\t\tdata-wp-bind--aria-modal=\"state.ariaModal\"\n\t\t\t\tdata-wp-bind--aria-label=\"state.ariaLabel\"\n\t\t\t\tdata-wp-bind--role=\"state.roleAttribute\"\n\t\t\t>\n\t\t\t\t\t\t\t<button aria-label=\"Sulje valikko\" class=\"wp-block-navigation__responsive-container-close\" \n\t\t\t\tdata-wp-on--click=\"actions.closeMenuOnClick\"\n\t\t\t><svg xmlns=\"http:\/\/www.w3.org\/2000\/svg\" viewBox=\"0 0 24 24\" width=\"24\" height=\"24\" aria-hidden=\"true\" focusable=\"false\"><path d=\"m13.06 12 6.47-6.47-1.06-1.06L12 10.94 5.53 4.47 4.47 5.53 10.94 12l-6.47 6.47 1.06 1.06L12 13.06l6.47 6.47 1.06-1.06L13.06 12Z\"><\/path><\/svg><\/button>\n\t\t\t\t\t\t\t<div class=\"wp-block-navigation__responsive-container-content\" \n\t\t\t\tdata-wp-watch=\"callbacks.focusFirstElement\"\n\t\t\t id=\"modal-1-content\">\n\t\t\t\t\t\t\t\t<ul class=\"wp-block-navigation__container is-responsive items-justified-left wp-block-navigation\"><li class=\" wp-block-navigation-item wp-block-navigation-link\"><a class=\"wp-block-navigation-item__content\"  href=\"https:\/\/www.rockportrait.photography\/?page_id=199\"><span class=\"wp-block-navigation-item__label\">Instagram<\/span><\/a><\/li><\/ul>\n\t\t\t\t\t\t\t<\/div>\n\t\t\t\t\t\t<\/div>\n\t\t\t\t\t<\/div>\n\t\t\t\t<\/div><\/nav><\/div>\n\n\n\n<div style=\"height:123px\" aria-hidden=\"true\" class=\"wp-block-spacer\"><\/div>\n\n\n\n<p><\/p>\n\n\n\n<p><\/p>\n\n\n\n<figure class=\"wp-block-gallery has-nested-images columns-2 is-cropped wp-block-gallery-2 is-layout-flex wp-block-gallery-is-layout-flex\">\n<figure class=\"wp-block-image size-full\"><img loading=\"lazy\" decoding=\"async\" width=\"360\" height=\"450\" data-id=\"117\" src=\"https:\/\/www.rockportrait.photography\/wp-content\/uploads\/2026\/01\/DAEF9B0F-370D-4141-B122-0B747031E137_4_5005_c.jpeg\" alt=\"\" class=\"wp-image-117\" srcset=\"https:\/\/www.rockportrait.photography\/wp-content\/uploads\/2026\/01\/DAEF9B0F-370D-4141-B122-0B747031E137_4_5005_c.jpeg 360w, https:\/\/www.rockportrait.photography\/wp-content\/uploads\/2026\/01\/DAEF9B0F-370D-4141-B122-0B747031E137_4_5005_c-240x300.jpeg 240w\" sizes=\"auto, (max-width: 360px) 100vw, 360px\" \/><\/figure>\n\n\n\n<figure class=\"wp-block-image size-full\"><img loading=\"lazy\" decoding=\"async\" width=\"720\" height=\"1080\" data-id=\"119\" src=\"https:\/\/www.rockportrait.photography\/wp-content\/uploads\/2026\/01\/77BFE2F3-46FF-4C64-AA21-5D9B332C5249-Firefly-Upscaler-2x-scale.png\" alt=\"\" class=\"wp-image-119\" srcset=\"https:\/\/www.rockportrait.photography\/wp-content\/uploads\/2026\/01\/77BFE2F3-46FF-4C64-AA21-5D9B332C5249-Firefly-Upscaler-2x-scale.png 720w, https:\/\/www.rockportrait.photography\/wp-content\/uploads\/2026\/01\/77BFE2F3-46FF-4C64-AA21-5D9B332C5249-Firefly-Upscaler-2x-scale-200x300.png 200w, https:\/\/www.rockportrait.photography\/wp-content\/uploads\/2026\/01\/77BFE2F3-46FF-4C64-AA21-5D9B332C5249-Firefly-Upscaler-2x-scale-683x1024.png 683w\" sizes=\"auto, (max-width: 720px) 100vw, 720px\" \/><\/figure>\n\n\n\n<figure class=\"wp-block-image size-full has-custom-border\" style=\"margin-top:0;margin-right:0;margin-bottom:0;margin-left:0\"><img loading=\"lazy\" decoding=\"async\" width=\"1200\" height=\"900\" data-id=\"9\" src=\"https:\/\/www.rockportrait.photography\/wp-content\/uploads\/2025\/12\/DC51F512-7E4D-452C-AA82-B1468597218B.jpeg\" alt=\"\" class=\"wp-image-9\" style=\"border-style:none;border-width:0px;border-radius:0px\" srcset=\"https:\/\/www.rockportrait.photography\/wp-content\/uploads\/2025\/12\/DC51F512-7E4D-452C-AA82-B1468597218B.jpeg 1200w, https:\/\/www.rockportrait.photography\/wp-content\/uploads\/2025\/12\/DC51F512-7E4D-452C-AA82-B1468597218B-300x225.jpeg 300w, https:\/\/www.rockportrait.photography\/wp-content\/uploads\/2025\/12\/DC51F512-7E4D-452C-AA82-B1468597218B-1024x768.jpeg 1024w, https:\/\/www.rockportrait.photography\/wp-content\/uploads\/2025\/12\/DC51F512-7E4D-452C-AA82-B1468597218B-768x576.jpeg 768w\" sizes=\"auto, (max-width: 1200px) 100vw, 1200px\" \/><\/figure>\n\n\n\n<figure class=\"wp-block-image size-full\"><img loading=\"lazy\" decoding=\"async\" width=\"1350\" height=\"1080\" data-id=\"183\" src=\"https:\/\/www.rockportrait.photography\/wp-content\/uploads\/2026\/02\/A6049989-04FC-4C72-B87F-FAED8DAD2B72.jpeg\" alt=\"\" class=\"wp-image-183\" srcset=\"https:\/\/www.rockportrait.photography\/wp-content\/uploads\/2026\/02\/A6049989-04FC-4C72-B87F-FAED8DAD2B72.jpeg 1350w, https:\/\/www.rockportrait.photography\/wp-content\/uploads\/2026\/02\/A6049989-04FC-4C72-B87F-FAED8DAD2B72-300x240.jpeg 300w, https:\/\/www.rockportrait.photography\/wp-content\/uploads\/2026\/02\/A6049989-04FC-4C72-B87F-FAED8DAD2B72-1024x819.jpeg 1024w, https:\/\/www.rockportrait.photography\/wp-content\/uploads\/2026\/02\/A6049989-04FC-4C72-B87F-FAED8DAD2B72-768x614.jpeg 768w\" sizes=\"auto, (max-width: 1350px) 100vw, 1350px\" \/><\/figure>\n\n\n\n<figure class=\"wp-block-image size-full\"><img loading=\"lazy\" decoding=\"async\" width=\"864\" height=\"1080\" data-id=\"154\" src=\"https:\/\/www.rockportrait.photography\/wp-content\/uploads\/2026\/01\/674CA2C9-452D-4360-BAF0-B0B9AE867E68-2.jpeg\" alt=\"\" class=\"wp-image-154\" srcset=\"https:\/\/www.rockportrait.photography\/wp-content\/uploads\/2026\/01\/674CA2C9-452D-4360-BAF0-B0B9AE867E68-2.jpeg 864w, https:\/\/www.rockportrait.photography\/wp-content\/uploads\/2026\/01\/674CA2C9-452D-4360-BAF0-B0B9AE867E68-2-240x300.jpeg 240w, https:\/\/www.rockportrait.photography\/wp-content\/uploads\/2026\/01\/674CA2C9-452D-4360-BAF0-B0B9AE867E68-2-819x1024.jpeg 819w, https:\/\/www.rockportrait.photography\/wp-content\/uploads\/2026\/01\/674CA2C9-452D-4360-BAF0-B0B9AE867E68-2-768x960.jpeg 768w\" sizes=\"auto, (max-width: 864px) 100vw, 864px\" \/><\/figure>\n\n\n\n<figure class=\"wp-block-image size-full\"><img loading=\"lazy\" decoding=\"async\" width=\"360\" height=\"450\" data-id=\"189\" src=\"https:\/\/www.rockportrait.photography\/wp-content\/uploads\/2026\/02\/81A44174-670D-4482-B7A6-128326B9321D_4_5005_c.jpeg\" alt=\"\" class=\"wp-image-189\" srcset=\"https:\/\/www.rockportrait.photography\/wp-content\/uploads\/2026\/02\/81A44174-670D-4482-B7A6-128326B9321D_4_5005_c.jpeg 360w, https:\/\/www.rockportrait.photography\/wp-content\/uploads\/2026\/02\/81A44174-670D-4482-B7A6-128326B9321D_4_5005_c-240x300.jpeg 240w\" sizes=\"auto, (max-width: 360px) 100vw, 360px\" \/><\/figure>\n\n\n\n<figure class=\"wp-block-image size-full\"><img loading=\"lazy\" decoding=\"async\" width=\"1080\" height=\"771\" data-id=\"11\" src=\"https:\/\/www.rockportrait.photography\/wp-content\/uploads\/2025\/12\/F890ED58-B623-48AC-8DC8-2478E0C99340.jpeg\" alt=\"\" class=\"wp-image-11\" srcset=\"https:\/\/www.rockportrait.photography\/wp-content\/uploads\/2025\/12\/F890ED58-B623-48AC-8DC8-2478E0C99340.jpeg 1080w, https:\/\/www.rockportrait.photography\/wp-content\/uploads\/2025\/12\/F890ED58-B623-48AC-8DC8-2478E0C99340-300x214.jpeg 300w, https:\/\/www.rockportrait.photography\/wp-content\/uploads\/2025\/12\/F890ED58-B623-48AC-8DC8-2478E0C99340-1024x731.jpeg 1024w, https:\/\/www.rockportrait.photography\/wp-content\/uploads\/2025\/12\/F890ED58-B623-48AC-8DC8-2478E0C99340-768x548.jpeg 768w\" sizes=\"auto, (max-width: 1080px) 100vw, 1080px\" \/><\/figure>\n<\/figure>\n","protected":false},"excerpt":{"rendered":"<p>Olipa kyseess\u00e4 tyylik\u00e4s henkil\u00f6kuva, keikkatunnelma, intohimosi tai harrastuksesi, kuvaan tilanteet n\u00e4kemyksell\u00e4 ja visiolla. Oikeanlainen s\u00e4rm\u00e4 ja persoonallinen twist her\u00e4tt\u00e4v\u00e4t kuvat eloon ja v\u00e4litt\u00e4v\u00e4t niiden uniikin tunnelman! Nappaa mut: Teen kuvauksia p\u00e4\u00e4s\u00e4\u00e4nt\u00f6isesti TFCD-periaatteella ja liikun usein Helsinki-Tampere-Turku -alueella. Ota yhteytt\u00e4 ja mietit\u00e4\u00e4n alustavat yksityiskohdat. Pyrin vastaamaan 24h kuluessa. Yhteystiedot:<\/p>\n","protected":false},"author":1,"featured_media":0,"parent":0,"menu_order":0,"comment_status":"closed","ping_status":"open","template":"","meta":{"footnotes":""},"class_list":["post-2","page","type-page","status-publish","hentry"],"_links":{"self":[{"href":"https:\/\/www.rockportrait.photography\/index.php?rest_route=\/wp\/v2\/pages\/2","targetHints":{"allow":["GET"]}}],"collection":[{"href":"https:\/\/www.rockportrait.photography\/index.php?rest_route=\/wp\/v2\/pages"}],"about":[{"href":"https:\/\/www.rockportrait.photography\/index.php?rest_route=\/wp\/v2\/types\/page"}],"author":[{"embeddable":true,"href":"https:\/\/www.rockportrait.photography\/index.php?rest_route=\/wp\/v2\/users\/1"}],"replies":[{"embeddable":true,"href":"https:\/\/www.rockportrait.photography\/index.php?rest_route=%2Fwp%2Fv2%2Fcomments&post=2"}],"version-history":[{"count":108,"href":"https:\/\/www.rockportrait.photography\/index.php?rest_route=\/wp\/v2\/pages\/2\/revisions"}],"predecessor-version":[{"id":228,"href":"https:\/\/www.rockportrait.photography\/index.php?rest_route=\/wp\/v2\/pages\/2\/revisions\/228"}],"wp:attachment":[{"href":"https:\/\/www.rockportrait.photography\/index.php?rest_route=%2Fwp%2Fv2%2Fmedia&parent=2"}],"curies":[{"name":"wp","href":"https:\/\/api.w.org\/{rel}","templated":true}]}}